{"id":72,"date":"2023-06-23T08:11:13","date_gmt":"2023-06-23T06:11:13","guid":{"rendered":"https:\/\/dev.2fd.co.za\/golda\/?page_id=72"},"modified":"2023-06-23T10:15:49","modified_gmt":"2023-06-23T08:15:49","slug":"beratungen-feng-shui","status":"publish","type":"page","link":"https:\/\/www.goldaviktoria.ch\/de\/beratungen-feng-shui\/","title":{"rendered":"Feng Shui \u2013 Beratungen"},"content":{"rendered":"<section class=\"wpb-content-wrapper\">[vc_row full_width=&#8220;stretch_row&#8220; css=&#8220;.vc_custom_1687508086891{border-top-width: 20px !important;border-top-color: #a89377 !important;border-top-style: solid !important;}&#8220;][vc_column]<div class=\"vcex-spacing wpex-w-100 wpex-clear\" style=\"height:50px;\"><\/div>[vc_column_text text_align=&#8220;center&#8220;]\n<h2>Feng Shui \u2013 Beratungen<\/h2>\n[\/vc_column_text][\/vc_column][\/vc_row][vc_row content_placement=&#8220;middle&#8220; css=&#8220;.vc_custom_1687508147963{padding-top: 50px !important;padding-right: 50px !important;padding-bottom: 20px !important;padding-left: 20px !important;background-image: url(https:\/\/www.goldaviktoria.ch\/wp-content\/uploads\/2023\/06\/blue-back.jpg?id=21) !important;background-position: center !important;background-repeat: no-repeat !important;background-size: cover !important;}&#8220;][vc_column width=&#8220;1\/2&#8243;]<figure class=\"vcex-image vcex-module\"><div class=\"vcex-image-inner wpex-relative wpex-inline-block\"><img width=\"555\" height=\"410\" src=\"https:\/\/www.goldaviktoria.ch\/wp-content\/uploads\/2023\/06\/Kurz.jpg\" class=\"vcex-image-img wpex-align-middle\" alt=\"\" loading=\"lazy\" decoding=\"async\" srcset=\"https:\/\/www.goldaviktoria.ch\/wp-content\/uploads\/2023\/06\/Kurz.jpg 555w, https:\/\/www.goldaviktoria.ch\/wp-content\/uploads\/2023\/06\/Kurz-300x222.jpg 300w\" sizes=\"auto, (max-width: 555px) 100vw, 555px\" \/><\/div><\/figure>[\/vc_column][vc_column width=&#8220;1\/2&#8243;][vc_column_text text_align=&#8220;center&#8220;]F\u00fcr wen eignet sich die \u201eKurz-Beratung\u201c?<br \/>\nFeng Shui ist Ihnen ein Begriff, aber Sie k\u00f6nnen sich weiter nichts darunter vorstellen? Sie m\u00f6chten, dass ich vor Ort Ihre Fragen beantworte oder um einen Augenschein \u00fcber Ihre Umgebung zu nehmen. Sie haben grunds\u00e4tzlich Interesse an Feng Shui aber nur in Bezug auf ein Thema oder Sie sind sich nicht sicher ob dies bei Ihnen \u00fcberhaupt notwendig ist? Dann liegen Sie mit einer Kurzberatung goldrichtig.<\/p>\n<p>Vor Ort unterst\u00fctze ich Sie mit Ihrem Anliegen<\/p>\n<p>Beratungspreis: Fr. 150.00<\/p>\n<p>Dieser Betrag kann einer \u201eKlassischen Feng Shui Beratung\u201c oder einer \u201eGarten Feng Shui Beratung\u201c abgezogen werden, sofern diese nicht l\u00e4nger als 4 Monate zur\u00fcckliegt.[\/vc_column_text][\/vc_column][\/vc_row][vc_row][vc_column]<div class=\"vcex-spacing wpex-w-100 wpex-clear\" style=\"height:20px;\"><\/div>[\/vc_column][\/vc_row][vc_row content_placement=&#8220;middle&#8220; css=&#8220;.vc_custom_1687508135591{padding-top: 30px !important;padding-right: 20px !important;padding-bottom: 10px !important;padding-left: 30px !important;background-image: url(https:\/\/www.goldaviktoria.ch\/wp-content\/uploads\/2023\/06\/red-back.jpg?id=39) !important;background-position: center !important;background-repeat: no-repeat !important;background-size: cover !important;}&#8220;][vc_column width=&#8220;1\/2&#8243;]<div class=\"vcex-spacing wpex-w-100 wpex-clear\"><\/div><div class=\"vcex-spacing wpex-w-100 wpex-clear\"><\/div>[vc_column_text text_align=&#8220;center&#8220;]Bei der \u201eKlassischen Feng-Shui Beratung\u201c widmen wir unsere Aufmerksamkeit dem Raum, in welchem wir uns aufhalten. Ich erarbeite ein Konzept und zeige auf, wie man den Raum neutralisiert, respektive st\u00e4rkt um damit die Energie zu lenken, damit diese harmonisch und im Einklang mit dem Menschen ist.<\/p>\n<p>Hier werden Korrekturen aufgezeigt oder vorgenommen um Harmonie zu erzeugen, welche sich schlussendlich positiv auf uns auswirken. Durch die Harmonie, welche im Aussen entsteht, entsteht im Innen derselbe Einklang.[\/vc_column_text]<div class=\"vcex-spacing wpex-w-100 wpex-clear\" style=\"height:10px;\"><\/div>[vc_column_text text_align=&#8220;center&#8220;]Folgende Analysen sind in der Beratung inbegriffen:[\/vc_column_text]<div class=\"vcex-spacing wpex-w-100 wpex-clear\" style=\"height:10px;\"><\/div>[vc_row_inner remove_bottom_col_margin=&#8220;true&#8220;][vc_column_inner width=&#8220;1\/2&#8243;][vc_column_text]\n<ul>\n<li>Landschaft und Umgebung<\/li>\n<li>Yin \u2013 Yang<\/li>\n<li>Bagua<\/li>\n<li>Chi-Lebensenergie<\/li>\n<li>Herzzentrum \u2013 Tai Chi<\/li>\n<\/ul>\n[\/vc_column_text][\/vc_column_inner][vc_column_inner width=&#8220;1\/2&#8243;][vc_column_text]\n<ul>\n<li>5 Elemente<\/li>\n<li>Qualit\u00e4t der Energie bestimmen<\/li>\n<li>Ost-West System<\/li>\n<li>Fliegende Sterne<\/li>\n<li>Standorte, Gegenst\u00e4nde und Masse<\/li>\n<\/ul>\n[\/vc_column_text][\/vc_column_inner][\/vc_row_inner][\/vc_column][vc_column width=&#8220;1\/2&#8243;]<figure class=\"vcex-image vcex-module\"><div class=\"vcex-image-inner wpex-relative wpex-inline-block\"><img width=\"555\" height=\"410\" src=\"https:\/\/www.goldaviktoria.ch\/wp-content\/uploads\/2023\/06\/Klassisch.jpg\" class=\"vcex-image-img wpex-align-middle\" alt=\"\" loading=\"lazy\" decoding=\"async\" srcset=\"https:\/\/www.goldaviktoria.ch\/wp-content\/uploads\/2023\/06\/Klassisch.jpg 555w, https:\/\/www.goldaviktoria.ch\/wp-content\/uploads\/2023\/06\/Klassisch-300x222.jpg 300w\" sizes=\"auto, (max-width: 555px) 100vw, 555px\" \/><\/div><\/figure>[\/vc_column][\/vc_row][vc_row][vc_column]<div class=\"vcex-spacing wpex-w-100 wpex-clear\" style=\"height:20px;\"><\/div>[\/vc_column][\/vc_row][vc_row content_placement=&#8220;middle&#8220; css=&#8220;.vc_custom_1687502749309{padding-top: 40px !important;padding-right: 20px !important;padding-bottom: 10px !important;padding-left: 20px !important;background-image: url(https:\/\/www.goldaviktoria.ch\/wp-content\/uploads\/2023\/06\/gold-back.jpg?id=30) !important;background-position: center !important;background-repeat: no-repeat !important;background-size: cover !important;}&#8220;][vc_column width=&#8220;1\/2&#8243;]<figure class=\"vcex-image vcex-module\"><div class=\"vcex-image-inner wpex-relative wpex-inline-block\"><img width=\"555\" height=\"410\" src=\"https:\/\/www.goldaviktoria.ch\/wp-content\/uploads\/2023\/06\/Gezundheit.jpg\" class=\"vcex-image-img wpex-align-middle\" alt=\"\" loading=\"lazy\" decoding=\"async\" srcset=\"https:\/\/www.goldaviktoria.ch\/wp-content\/uploads\/2023\/06\/Gezundheit.jpg 555w, https:\/\/www.goldaviktoria.ch\/wp-content\/uploads\/2023\/06\/Gezundheit-300x222.jpg 300w\" sizes=\"auto, (max-width: 555px) 100vw, 555px\" \/><\/div><\/figure>[\/vc_column][vc_column width=&#8220;1\/2&#8243;][vc_column_text text_align=&#8220;center&#8220;]Bei der \u201eGesundheitlichen \u2013 Feng-Shui Beratung\u201c setzten wir uns mit Elektrosmog, Wasseradern, Erdverwerfungen, etc. auseinander. Hier steht ganz klar die Gesundheit als \u201eOberstes Gebot\u201c im Zentrum. Es muss nicht sein, dass wir krankmachenden Feldern ausgesetzt sind und bleiben.<\/p>\n<p>Zudem ist es in der heutigen Zeit wichtig geworden, dass wir uns vor st\u00f6renden Feldern sch\u00fctzen.[\/vc_column_text]<div class=\"vcex-spacing wpex-w-100 wpex-clear\" style=\"height:10px;\"><\/div>[vc_column_text text_align=&#8220;center&#8220;]Folgendes werde ich hier analysieren:[\/vc_column_text]<div class=\"vcex-spacing wpex-w-100 wpex-clear\" style=\"height:10px;\"><\/div>[vc_row_inner remove_bottom_col_margin=&#8220;true&#8220;][vc_column_inner width=&#8220;1\/3&#8243;][\/vc_column_inner][vc_column_inner width=&#8220;1\/3&#8243;][vc_column_text]\n<ul>\n<li>Elektrosmog<\/li>\n<li>Wasseradern<\/li>\n<li>Erdverwerfungen<\/li>\n<li>St\u00f6rfelder<\/li>\n<\/ul>\n[\/vc_column_text][\/vc_column_inner][vc_column_inner width=&#8220;1\/3&#8243;][\/vc_column_inner][\/vc_row_inner]<div class=\"vcex-spacing wpex-w-100 wpex-clear\"><\/div>[vc_column_text text_align=&#8220;center&#8220;]Sie erhalten vor Ort alle notwendigen Informationen \u00fcber allf\u00e4llige Ver\u00e4nderungsmassnahmen, sowie, falls notwendig, eine Offerte \u00fcber die Hilfsmittel. <strong>Diese k\u00f6nnen teils ohne Kaufpflicht getestet werden<\/strong>.[\/vc_column_text][\/vc_column][\/vc_row][vc_row][vc_column]<div class=\"vcex-spacing wpex-w-100 wpex-clear\" style=\"height:20px;\"><\/div>[\/vc_column][\/vc_row][vc_row content_placement=&#8220;middle&#8220; css=&#8220;.vc_custom_1687502478956{padding-top: 50px !important;padding-right: 20px !important;padding-bottom: 10px !important;padding-left: 30px !important;background-image: url(https:\/\/www.goldaviktoria.ch\/wp-content\/uploads\/2023\/06\/orange-back.jpg?id=38) !important;background-position: center !important;background-repeat: no-repeat !important;background-size: cover !important;}&#8220;][vc_column width=&#8220;1\/2&#8243;][vc_column_text text_align=&#8220;center&#8220;]Bei der \u201e5 Elemente-Astrologie Beratung\u201c steht nicht der Raum sondern der Mensch im Vordergrund. Hier werden die \u201ePositiven Elemente\u201c errechnet, umso eine Person im Raum punktuell zu st\u00e4rken und dessen Potenzial zu erkennen und zu f\u00f6rdern.[\/vc_column_text]<div class=\"vcex-spacing wpex-w-100 wpex-clear\" style=\"height:10px;\"><\/div>[vc_column_text text_align=&#8220;center&#8220;]Folgende Analysen sind in der Beratung inbegriffen:[\/vc_column_text]<div class=\"vcex-spacing wpex-w-100 wpex-clear\" style=\"height:10px;\"><\/div>[vc_row_inner remove_bottom_col_margin=&#8220;true&#8220;][vc_column_inner][vc_column_text]\n<ul>\n<li>Errechnung der 5 Elemente mit Hilfe der Chinesischen Astrologie<\/li>\n<li>Ihre unterst\u00fctzenden Elemente<\/li>\n<\/ul>\n[\/vc_column_text][\/vc_column_inner][\/vc_row_inner]<div class=\"vcex-spacing wpex-w-100 wpex-clear\" style=\"height:10px;\"><\/div>[vc_column_text text_align=&#8220;center&#8220;]Ich gebe Ihnen eine detaillierte Dokumentation \u00fcber Ihre unterst\u00fctzenden<br \/>\nElemente ab.<\/p>\n<p>Optional kann ich Ihnen vor Ort mit Farben und Formen, sowie mit dem Muskeltest (Kinesiologie) behilflich sein und\/oder ein Einrichtungskonzept ausarbeiten.[\/vc_column_text][\/vc_column][vc_column width=&#8220;1\/2&#8243;]<figure class=\"vcex-image vcex-module\"><div class=\"vcex-image-inner wpex-relative wpex-inline-block\"><img width=\"555\" height=\"410\" src=\"https:\/\/www.goldaviktoria.ch\/wp-content\/uploads\/2023\/06\/5elemente.jpg\" class=\"vcex-image-img wpex-align-middle\" alt=\"\" loading=\"lazy\" decoding=\"async\" srcset=\"https:\/\/www.goldaviktoria.ch\/wp-content\/uploads\/2023\/06\/5elemente.jpg 555w, https:\/\/www.goldaviktoria.ch\/wp-content\/uploads\/2023\/06\/5elemente-300x222.jpg 300w\" sizes=\"auto, (max-width: 555px) 100vw, 555px\" \/><\/div><\/figure>[\/vc_column][\/vc_row][vc_row][vc_column]<div class=\"vcex-spacing wpex-w-100 wpex-clear\" style=\"height:20px;\"><\/div>[\/vc_column][\/vc_row][vc_row content_placement=&#8220;middle&#8220; css=&#8220;.vc_custom_1687502908012{padding-top: 50px !important;padding-right: 30px !important;padding-bottom: 10px !important;padding-left: 20px !important;background-image: url(https:\/\/www.goldaviktoria.ch\/wp-content\/uploads\/2023\/06\/green-back.jpg?id=31) !important;background-position: center !important;background-repeat: no-repeat !important;background-size: cover !important;}&#8220;][vc_column width=&#8220;1\/2&#8243;]<figure class=\"vcex-image vcex-module\"><div class=\"vcex-image-inner wpex-relative wpex-inline-block\"><img width=\"555\" height=\"410\" src=\"https:\/\/www.goldaviktoria.ch\/wp-content\/uploads\/2023\/06\/Garten.jpg\" class=\"vcex-image-img wpex-align-middle\" alt=\"\" loading=\"lazy\" decoding=\"async\" srcset=\"https:\/\/www.goldaviktoria.ch\/wp-content\/uploads\/2023\/06\/Garten.jpg 555w, https:\/\/www.goldaviktoria.ch\/wp-content\/uploads\/2023\/06\/Garten-300x222.jpg 300w\" sizes=\"auto, (max-width: 555px) 100vw, 555px\" \/><\/div><\/figure>[\/vc_column][vc_column width=&#8220;1\/2&#8243;]<div class=\"vcex-spacing wpex-w-100 wpex-clear\"><\/div>[vc_column_text text_align=&#8220;center&#8220;]Mit der \u201eGarten Feng-Shui Beratung\u201c st\u00e4rken wir die Umgebung, welche sich positiv auf Pflanzen, Raum und Menschen auswirkt.<\/p>\n<p>Ich erarbeite ein Konzept und zeige auf wie der Garten gest\u00e4rkt wird um die Energie zu lenken, damit diese harmonisch und im Einklang mit dem Menschen ist. Hier werden Korrekturen aufgezeigt um Harmonie zu erzeugen, welche sich schlussendlich positiv auf uns auswirken. Durch die Harmonie, welche im Aussen entsteht, entsteht im Innen derselbe Einklang.[\/vc_column_text]<div class=\"vcex-spacing wpex-w-100 wpex-clear\" style=\"height:10px;\"><\/div>[vc_column_text text_align=&#8220;center&#8220;]Folgende Analysen sind in der Beratung inbegriffen:[\/vc_column_text]<div class=\"vcex-spacing wpex-w-100 wpex-clear\" style=\"height:10px;\"><\/div>[vc_row_inner remove_bottom_col_margin=&#8220;true&#8220;][vc_column_inner width=&#8220;1\/2&#8243;][vc_column_text]\n<ul>\n<li>Landschaft und Umgebung<\/li>\n<li>Trigramme der acht Lebensbereiche<\/li>\n<li>Yin und Yang \u2013\u00a0Analyse<\/li>\n<li>Ch\u2019i Lebensenergie<\/li>\n<li>Energiepunkte<\/li>\n<\/ul>\n[\/vc_column_text][\/vc_column_inner][vc_column_inner width=&#8220;1\/2&#8243;][vc_column_text]\n<ul>\n<li>Herzzentrum\u00a0\u2013\u00a0Tai Chi<\/li>\n<li>Die 5 Elemente<\/li>\n<li>Standorte, Masse\u00a0und Gegenst\u00e4nde<\/li>\n<li>Kinesiologie<\/li>\n<\/ul>\n[\/vc_column_text][\/vc_column_inner][\/vc_row_inner][\/vc_column][\/vc_row]\n<\/section>","protected":false},"excerpt":{"rendered":"<p>[vc_row full_width=&#8220;stretch_row&#8220; css=&#8220;.vc_custom_1687508086891{border-top-width: 20px !important;border-top-color: #a89377 !important;border-top-style: solid !important;}&#8220;][vc_column][vc_column_text text_align=&#8220;center&#8220;] Feng Shui \u2013 Beratungen [\/vc_column_text][\/vc_column][\/vc_row][vc_row content_placement=&#8220;middle&#8220; css=&#8220;.vc_custom_1687508147963{padding-top: 50px !important;padding-right: 50px !important;padding-bottom: 20px !important;padding-left: 20px !important;background-image: url(https:\/\/www.goldaviktoria.ch\/wp-content\/uploads\/2023\/06\/blue-back.jpg?id=21) !important;background-position: center !important;background-repeat: no-repeat !important;background-size: cover !important;}&#8220;][vc_column width=&#8220;1\/2&#8243;][\/vc_column][vc_column width=&#8220;1\/2&#8243;][vc_column_text text_align=&#8220;center&#8220;]F\u00fcr wen eignet sich die \u201eKurz-Beratung\u201c? Feng Shui ist Ihnen ein Begriff, aber Sie k\u00f6nnen sich weiter nichts darunter vorstellen?&hellip;<\/p>\n","protected":false},"author":81,"featured_media":0,"parent":0,"menu_order":0,"comment_status":"closed","ping_status":"closed","template":"","meta":{"footnotes":""},"class_list":["post-72","page","type-page","status-publish","hentry","entry","no-media"],"yoast_head":"<!-- This site is optimized with the Yoast SEO plugin v27.5 - https:\/\/yoast.com\/product\/yoast-seo-wordpress\/ -->\n<title>Feng Shui \u2013 Beratungen - Golda Viktoria<\/title>\n<meta name=\"robots\" content=\"noindex, follow, max-snippet:-1, max-image-preview:large, max-video-preview:-1\" \/>\n<meta property=\"og:locale\" content=\"de_DE\" \/>\n<meta property=\"og:type\" content=\"article\" \/>\n<meta property=\"og:title\" content=\"Feng Shui \u2013 Beratungen - Golda Viktoria\" \/>\n<meta property=\"og:description\" content=\"[vc_row full_width=&#8220;stretch_row&#8220; css=&#8220;.vc_custom_1687508086891{border-top-width: 20px !important;border-top-color: #a89377 !important;border-top-style: solid !important;}&#8220;][vc_column][vc_column_text text_align=&#8220;center&#8220;] Feng Shui \u2013 Beratungen [\/vc_column_text][\/vc_column][\/vc_row][vc_row content_placement=&#8220;middle&#8220; css=&#8220;.vc_custom_1687508147963{padding-top: 50px !important;padding-right: 50px !important;padding-bottom: 20px !important;padding-left: 20px !important;background-image: url(https:\/\/www.goldaviktoria.ch\/wp-content\/uploads\/2023\/06\/blue-back.jpg?id=21) !important;background-position: center !important;background-repeat: no-repeat !important;background-size: cover !important;}&#8220;][vc_column width=&#8220;1\/2&#8243;][\/vc_column][vc_column width=&#8220;1\/2&#8243;][vc_column_text text_align=&#8220;center&#8220;]F\u00fcr wen eignet sich die \u201eKurz-Beratung\u201c? Feng Shui ist Ihnen ein Begriff, aber Sie k\u00f6nnen sich weiter nichts darunter vorstellen?&hellip;\" \/>\n<meta property=\"og:url\" content=\"https:\/\/www.goldaviktoria.ch\/de\/beratungen-feng-shui\/\" \/>\n<meta property=\"og:site_name\" content=\"Golda Viktoria\" \/>\n<meta property=\"article:modified_time\" content=\"2023-06-23T08:15:49+00:00\" \/>\n<meta name=\"twitter:card\" content=\"summary_large_image\" \/>\n<meta name=\"twitter:label1\" content=\"Gesch\u00e4tzte Lesezeit\" \/>\n\t<meta name=\"twitter:data1\" content=\"3\u00a0Minuten\" \/>\n<script type=\"application\/ld+json\" class=\"yoast-schema-graph\">{\"@context\":\"https:\\\/\\\/schema.org\",\"@graph\":[{\"@type\":\"WebPage\",\"@id\":\"https:\\\/\\\/www.goldaviktoria.ch\\\/de\\\/beratungen-feng-shui\\\/\",\"url\":\"https:\\\/\\\/www.goldaviktoria.ch\\\/de\\\/beratungen-feng-shui\\\/\",\"name\":\"Feng Shui \u2013 Beratungen - Golda Viktoria\",\"isPartOf\":{\"@id\":\"https:\\\/\\\/www.goldaviktoria.ch\\\/de\\\/#website\"},\"datePublished\":\"2023-06-23T06:11:13+00:00\",\"dateModified\":\"2023-06-23T08:15:49+00:00\",\"breadcrumb\":{\"@id\":\"https:\\\/\\\/www.goldaviktoria.ch\\\/de\\\/beratungen-feng-shui\\\/#breadcrumb\"},\"inLanguage\":\"de\",\"potentialAction\":[{\"@type\":\"ReadAction\",\"target\":[\"https:\\\/\\\/www.goldaviktoria.ch\\\/de\\\/beratungen-feng-shui\\\/\"]}]},{\"@type\":\"BreadcrumbList\",\"@id\":\"https:\\\/\\\/www.goldaviktoria.ch\\\/de\\\/beratungen-feng-shui\\\/#breadcrumb\",\"itemListElement\":[{\"@type\":\"ListItem\",\"position\":1,\"name\":\"Home\",\"item\":\"https:\\\/\\\/www.goldaviktoria.ch\\\/de\\\/\"},{\"@type\":\"ListItem\",\"position\":2,\"name\":\"Feng Shui \u2013 Beratungen\"}]},{\"@type\":\"WebSite\",\"@id\":\"https:\\\/\\\/www.goldaviktoria.ch\\\/de\\\/#website\",\"url\":\"https:\\\/\\\/www.goldaviktoria.ch\\\/de\\\/\",\"name\":\"Golda Viktoria\",\"description\":\"\",\"publisher\":{\"@id\":\"https:\\\/\\\/www.goldaviktoria.ch\\\/de\\\/#organization\"},\"potentialAction\":[{\"@type\":\"SearchAction\",\"target\":{\"@type\":\"EntryPoint\",\"urlTemplate\":\"https:\\\/\\\/www.goldaviktoria.ch\\\/de\\\/?s={search_term_string}\"},\"query-input\":{\"@type\":\"PropertyValueSpecification\",\"valueRequired\":true,\"valueName\":\"search_term_string\"}}],\"inLanguage\":\"de\"},{\"@type\":\"Organization\",\"@id\":\"https:\\\/\\\/www.goldaviktoria.ch\\\/de\\\/#organization\",\"name\":\"Golda Viktoria\",\"url\":\"https:\\\/\\\/www.goldaviktoria.ch\\\/de\\\/\",\"logo\":{\"@type\":\"ImageObject\",\"inLanguage\":\"de\",\"@id\":\"https:\\\/\\\/www.goldaviktoria.ch\\\/de\\\/#\\\/schema\\\/logo\\\/image\\\/\",\"url\":\"https:\\\/\\\/www.goldaviktoria.ch\\\/wp-content\\\/uploads\\\/2023\\\/06\\\/Golda-Victoria-Logo-retina3.png\",\"contentUrl\":\"https:\\\/\\\/www.goldaviktoria.ch\\\/wp-content\\\/uploads\\\/2023\\\/06\\\/Golda-Victoria-Logo-retina3.png\",\"width\":700,\"height\":570,\"caption\":\"Golda Viktoria\"},\"image\":{\"@id\":\"https:\\\/\\\/www.goldaviktoria.ch\\\/de\\\/#\\\/schema\\\/logo\\\/image\\\/\"}}]}<\/script>\n<!-- \/ Yoast SEO plugin. -->","yoast_head_json":{"title":"Feng Shui \u2013 Beratungen - Golda Viktoria","robots":{"index":"noindex","follow":"follow","max-snippet":"max-snippet:-1","max-image-preview":"max-image-preview:large","max-video-preview":"max-video-preview:-1"},"og_locale":"de_DE","og_type":"article","og_title":"Feng Shui \u2013 Beratungen - Golda Viktoria","og_description":"[vc_row full_width=&#8220;stretch_row&#8220; css=&#8220;.vc_custom_1687508086891{border-top-width: 20px !important;border-top-color: #a89377 !important;border-top-style: solid !important;}&#8220;][vc_column][vc_column_text text_align=&#8220;center&#8220;] Feng Shui \u2013 Beratungen [\/vc_column_text][\/vc_column][\/vc_row][vc_row content_placement=&#8220;middle&#8220; css=&#8220;.vc_custom_1687508147963{padding-top: 50px !important;padding-right: 50px !important;padding-bottom: 20px !important;padding-left: 20px !important;background-image: url(https:\/\/www.goldaviktoria.ch\/wp-content\/uploads\/2023\/06\/blue-back.jpg?id=21) !important;background-position: center !important;background-repeat: no-repeat !important;background-size: cover !important;}&#8220;][vc_column width=&#8220;1\/2&#8243;][\/vc_column][vc_column width=&#8220;1\/2&#8243;][vc_column_text text_align=&#8220;center&#8220;]F\u00fcr wen eignet sich die \u201eKurz-Beratung\u201c? Feng Shui ist Ihnen ein Begriff, aber Sie k\u00f6nnen sich weiter nichts darunter vorstellen?&hellip;","og_url":"https:\/\/www.goldaviktoria.ch\/de\/beratungen-feng-shui\/","og_site_name":"Golda Viktoria","article_modified_time":"2023-06-23T08:15:49+00:00","twitter_card":"summary_large_image","twitter_misc":{"Gesch\u00e4tzte Lesezeit":"3\u00a0Minuten"},"schema":{"@context":"https:\/\/schema.org","@graph":[{"@type":"WebPage","@id":"https:\/\/www.goldaviktoria.ch\/de\/beratungen-feng-shui\/","url":"https:\/\/www.goldaviktoria.ch\/de\/beratungen-feng-shui\/","name":"Feng Shui \u2013 Beratungen - Golda Viktoria","isPartOf":{"@id":"https:\/\/www.goldaviktoria.ch\/de\/#website"},"datePublished":"2023-06-23T06:11:13+00:00","dateModified":"2023-06-23T08:15:49+00:00","breadcrumb":{"@id":"https:\/\/www.goldaviktoria.ch\/de\/beratungen-feng-shui\/#breadcrumb"},"inLanguage":"de","potentialAction":[{"@type":"ReadAction","target":["https:\/\/www.goldaviktoria.ch\/de\/beratungen-feng-shui\/"]}]},{"@type":"BreadcrumbList","@id":"https:\/\/www.goldaviktoria.ch\/de\/beratungen-feng-shui\/#breadcrumb","itemListElement":[{"@type":"ListItem","position":1,"name":"Home","item":"https:\/\/www.goldaviktoria.ch\/de\/"},{"@type":"ListItem","position":2,"name":"Feng Shui \u2013 Beratungen"}]},{"@type":"WebSite","@id":"https:\/\/www.goldaviktoria.ch\/de\/#website","url":"https:\/\/www.goldaviktoria.ch\/de\/","name":"Golda Viktoria","description":"","publisher":{"@id":"https:\/\/www.goldaviktoria.ch\/de\/#organization"},"potentialAction":[{"@type":"SearchAction","target":{"@type":"EntryPoint","urlTemplate":"https:\/\/www.goldaviktoria.ch\/de\/?s={search_term_string}"},"query-input":{"@type":"PropertyValueSpecification","valueRequired":true,"valueName":"search_term_string"}}],"inLanguage":"de"},{"@type":"Organization","@id":"https:\/\/www.goldaviktoria.ch\/de\/#organization","name":"Golda Viktoria","url":"https:\/\/www.goldaviktoria.ch\/de\/","logo":{"@type":"ImageObject","inLanguage":"de","@id":"https:\/\/www.goldaviktoria.ch\/de\/#\/schema\/logo\/image\/","url":"https:\/\/www.goldaviktoria.ch\/wp-content\/uploads\/2023\/06\/Golda-Victoria-Logo-retina3.png","contentUrl":"https:\/\/www.goldaviktoria.ch\/wp-content\/uploads\/2023\/06\/Golda-Victoria-Logo-retina3.png","width":700,"height":570,"caption":"Golda Viktoria"},"image":{"@id":"https:\/\/www.goldaviktoria.ch\/de\/#\/schema\/logo\/image\/"}}]}},"_links":{"self":[{"href":"https:\/\/www.goldaviktoria.ch\/de\/wp-json\/wp\/v2\/pages\/72","targetHints":{"allow":["GET"]}}],"collection":[{"href":"https:\/\/www.goldaviktoria.ch\/de\/wp-json\/wp\/v2\/pages"}],"about":[{"href":"https:\/\/www.goldaviktoria.ch\/de\/wp-json\/wp\/v2\/types\/page"}],"author":[{"embeddable":true,"href":"https:\/\/www.goldaviktoria.ch\/de\/wp-json\/wp\/v2\/users\/81"}],"replies":[{"embeddable":true,"href":"https:\/\/www.goldaviktoria.ch\/de\/wp-json\/wp\/v2\/comments?post=72"}],"version-history":[{"count":45,"href":"https:\/\/www.goldaviktoria.ch\/de\/wp-json\/wp\/v2\/pages\/72\/revisions"}],"predecessor-version":[{"id":209,"href":"https:\/\/www.goldaviktoria.ch\/de\/wp-json\/wp\/v2\/pages\/72\/revisions\/209"}],"wp:attachment":[{"href":"https:\/\/www.goldaviktoria.ch\/de\/wp-json\/wp\/v2\/media?parent=72"}],"curies":[{"name":"wp","href":"https:\/\/api.w.org\/{rel}","templated":true}]}}