{"id":55,"date":"2023-06-22T15:56:33","date_gmt":"2023-06-22T13:56:33","guid":{"rendered":"https:\/\/dev.2fd.co.za\/golda\/?page_id=55"},"modified":"2023-06-23T10:17:03","modified_gmt":"2023-06-23T08:17:03","slug":"feng-shui-bern","status":"publish","type":"page","link":"https:\/\/www.goldaviktoria.ch\/de\/feng-shui-bern\/","title":{"rendered":"Feng Shui Bern"},"content":{"rendered":"<section class=\"wpb-content-wrapper\">[vc_row full_width=&#8220;stretch_row&#8220; css=&#8220;.vc_custom_1687500060378{border-top-width: 20px !important;border-top-color: #a89377 !important;border-top-style: solid !important;}&#8220;][vc_column]<div class=\"vcex-spacing wpex-w-100 wpex-clear\" style=\"height:10px;\"><\/div>[\/vc_column][\/vc_row][vc_row][vc_column][vc_column_text text_align=&#8220;center&#8220;]\n<h2>Was ist Feng Shui?<\/h2>\n<p>Feng Shui heisst \u00fcbersetzt Wind und Wasser. Es handelt sich hierbei um eine 4000 Jahre alte chinesische Wissenschaft.<\/p>\n<p>Im Feng Shui widmen wir unsere Aufmerksamkeit der Energie. Wir schauen welche Art von Energie wir um uns herum haben und ob diese uns an einem bestimmten Ort auch unterst\u00fctzt. So k\u00f6nnen wir im \u00c4usseren Harmonie erzeugen, welche sich positiv auf unser Inneres auswirkt und uns unterst\u00fctzt.<\/p>\n<p>Feng Shui greift auf grundlegende Gesetze der Natur zur\u00fcck und erm\u00f6glicht durch Harmonisierung der Gegebenheiten eine Verbesserung unserer Lebensqualit\u00e4t und unserer Vitalit\u00e4t.<\/p>\n<h4>Feng Shui Konzepte<br \/>\nWie entsteht aus Ihrer Umgebung eine Kraftoase?<\/h4>\n<p>(Zuhause, Arbeitsplatz, Garten oder \u00f6ffentlich zug\u00e4ngliche R\u00e4umlichkeiten)<\/p>\n<p>Sobald ich die Bed\u00fcrfnisse kenne, kann ich Ihre Umgebung, durch meine einzigartige, individuelle, stilvolle und kreative Arteit, in eine Kraftoase verwandeln.<\/p>\n<p>Die Ausdrucksweise von Feng Shui ist grenzenlos. F\u00fcr jeden Geschmack finden wir eine optimale L\u00f6sung und Ihr Anliegen steht bei meiner Arbeit im Vordergrund. Ihre Umgebung wird individuell nach Ihren Vorstellungen und nach den Gesetzm\u00e4ssigkeiten von Feng Shui gestaltet. Damit steigert sich Ihr Wohlbefinden, die Gesundheit und der Erfolg in Ihrem Leben.<\/p>\n<p>Mit Hilfe von speziellen und sehr effizienten Hilfsmitteln und dem Muskeltest (Kinesiologie) biete ich ein noch kraftvolleres Feng Shui an.[\/vc_column_text]<div class=\"vcex-spacing wpex-w-100 wpex-clear\"><\/div><div class=\"theme-button-wrap textcenter wpex-clr\"><a href=\"https:\/\/www.goldaviktoria.ch\/de\/beratungen-design\/\" class=\"vcex-button theme-button align-center inline\"><span class=\"vcex-button-inner theme-button-inner\">Beratungen<\/span><\/a><\/div> [\/vc_column][\/vc_row]\n<\/section>","protected":false},"excerpt":{"rendered":"<p>[vc_row full_width=&#8220;stretch_row&#8220; css=&#8220;.vc_custom_1687500060378{border-top-width: 20px !important;border-top-color: #a89377 !important;border-top-style: solid !important;}&#8220;][vc_column][\/vc_column][\/vc_row][vc_row][vc_column][vc_column_text text_align=&#8220;center&#8220;] Was ist Feng Shui? Feng Shui heisst \u00fcbersetzt Wind und Wasser. Es handelt sich hierbei um eine 4000 Jahre alte chinesische Wissenschaft. Im Feng Shui widmen wir unsere Aufmerksamkeit der Energie. Wir schauen welche Art von Energie wir um uns herum haben und ob diese&hellip;<\/p>\n","protected":false},"author":81,"featured_media":0,"parent":0,"menu_order":0,"comment_status":"closed","ping_status":"closed","template":"","meta":{"footnotes":""},"class_list":["post-55","page","type-page","status-publish","hentry","entry","no-media"],"yoast_head":"<!-- This site is optimized with the Yoast SEO plugin v27.5 - https:\/\/yoast.com\/product\/yoast-seo-wordpress\/ -->\n<title>Feng Shui Bern - Golda Viktoria<\/title>\n<meta name=\"robots\" content=\"noindex, follow, max-snippet:-1, max-image-preview:large, max-video-preview:-1\" \/>\n<meta property=\"og:locale\" content=\"de_DE\" \/>\n<meta property=\"og:type\" content=\"article\" \/>\n<meta property=\"og:title\" content=\"Feng Shui Bern - Golda Viktoria\" \/>\n<meta property=\"og:description\" content=\"[vc_row full_width=&#8220;stretch_row&#8220; css=&#8220;.vc_custom_1687500060378{border-top-width: 20px !important;border-top-color: #a89377 !important;border-top-style: solid !important;}&#8220;][vc_column][\/vc_column][\/vc_row][vc_row][vc_column][vc_column_text text_align=&#8220;center&#8220;] Was ist Feng Shui? Feng Shui heisst \u00fcbersetzt Wind und Wasser. Es handelt sich hierbei um eine 4000 Jahre alte chinesische Wissenschaft. Im Feng Shui widmen wir unsere Aufmerksamkeit der Energie. Wir schauen welche Art von Energie wir um uns herum haben und ob diese&hellip;\" \/>\n<meta property=\"og:url\" content=\"https:\/\/www.goldaviktoria.ch\/de\/feng-shui-bern\/\" \/>\n<meta property=\"og:site_name\" content=\"Golda Viktoria\" \/>\n<meta property=\"article:modified_time\" content=\"2023-06-23T08:17:03+00:00\" \/>\n<meta name=\"twitter:card\" content=\"summary_large_image\" \/>\n<meta name=\"twitter:label1\" content=\"Gesch\u00e4tzte Lesezeit\" \/>\n\t<meta name=\"twitter:data1\" content=\"1\u00a0Minute\" \/>\n<script type=\"application\/ld+json\" class=\"yoast-schema-graph\">{\"@context\":\"https:\\\/\\\/schema.org\",\"@graph\":[{\"@type\":\"WebPage\",\"@id\":\"https:\\\/\\\/www.goldaviktoria.ch\\\/de\\\/feng-shui-bern\\\/\",\"url\":\"https:\\\/\\\/www.goldaviktoria.ch\\\/de\\\/feng-shui-bern\\\/\",\"name\":\"Feng Shui Bern - Golda Viktoria\",\"isPartOf\":{\"@id\":\"https:\\\/\\\/www.goldaviktoria.ch\\\/de\\\/#website\"},\"datePublished\":\"2023-06-22T13:56:33+00:00\",\"dateModified\":\"2023-06-23T08:17:03+00:00\",\"breadcrumb\":{\"@id\":\"https:\\\/\\\/www.goldaviktoria.ch\\\/de\\\/feng-shui-bern\\\/#breadcrumb\"},\"inLanguage\":\"de\",\"potentialAction\":[{\"@type\":\"ReadAction\",\"target\":[\"https:\\\/\\\/www.goldaviktoria.ch\\\/de\\\/feng-shui-bern\\\/\"]}]},{\"@type\":\"BreadcrumbList\",\"@id\":\"https:\\\/\\\/www.goldaviktoria.ch\\\/de\\\/feng-shui-bern\\\/#breadcrumb\",\"itemListElement\":[{\"@type\":\"ListItem\",\"position\":1,\"name\":\"Home\",\"item\":\"https:\\\/\\\/www.goldaviktoria.ch\\\/de\\\/\"},{\"@type\":\"ListItem\",\"position\":2,\"name\":\"Feng Shui Bern\"}]},{\"@type\":\"WebSite\",\"@id\":\"https:\\\/\\\/www.goldaviktoria.ch\\\/de\\\/#website\",\"url\":\"https:\\\/\\\/www.goldaviktoria.ch\\\/de\\\/\",\"name\":\"Golda Viktoria\",\"description\":\"\",\"publisher\":{\"@id\":\"https:\\\/\\\/www.goldaviktoria.ch\\\/de\\\/#organization\"},\"potentialAction\":[{\"@type\":\"SearchAction\",\"target\":{\"@type\":\"EntryPoint\",\"urlTemplate\":\"https:\\\/\\\/www.goldaviktoria.ch\\\/de\\\/?s={search_term_string}\"},\"query-input\":{\"@type\":\"PropertyValueSpecification\",\"valueRequired\":true,\"valueName\":\"search_term_string\"}}],\"inLanguage\":\"de\"},{\"@type\":\"Organization\",\"@id\":\"https:\\\/\\\/www.goldaviktoria.ch\\\/de\\\/#organization\",\"name\":\"Golda Viktoria\",\"url\":\"https:\\\/\\\/www.goldaviktoria.ch\\\/de\\\/\",\"logo\":{\"@type\":\"ImageObject\",\"inLanguage\":\"de\",\"@id\":\"https:\\\/\\\/www.goldaviktoria.ch\\\/de\\\/#\\\/schema\\\/logo\\\/image\\\/\",\"url\":\"https:\\\/\\\/www.goldaviktoria.ch\\\/wp-content\\\/uploads\\\/2023\\\/06\\\/Golda-Victoria-Logo-retina3.png\",\"contentUrl\":\"https:\\\/\\\/www.goldaviktoria.ch\\\/wp-content\\\/uploads\\\/2023\\\/06\\\/Golda-Victoria-Logo-retina3.png\",\"width\":700,\"height\":570,\"caption\":\"Golda Viktoria\"},\"image\":{\"@id\":\"https:\\\/\\\/www.goldaviktoria.ch\\\/de\\\/#\\\/schema\\\/logo\\\/image\\\/\"}}]}<\/script>\n<!-- \/ Yoast SEO plugin. -->","yoast_head_json":{"title":"Feng Shui Bern - Golda Viktoria","robots":{"index":"noindex","follow":"follow","max-snippet":"max-snippet:-1","max-image-preview":"max-image-preview:large","max-video-preview":"max-video-preview:-1"},"og_locale":"de_DE","og_type":"article","og_title":"Feng Shui Bern - Golda Viktoria","og_description":"[vc_row full_width=&#8220;stretch_row&#8220; css=&#8220;.vc_custom_1687500060378{border-top-width: 20px !important;border-top-color: #a89377 !important;border-top-style: solid !important;}&#8220;][vc_column][\/vc_column][\/vc_row][vc_row][vc_column][vc_column_text text_align=&#8220;center&#8220;] Was ist Feng Shui? Feng Shui heisst \u00fcbersetzt Wind und Wasser. Es handelt sich hierbei um eine 4000 Jahre alte chinesische Wissenschaft. Im Feng Shui widmen wir unsere Aufmerksamkeit der Energie. Wir schauen welche Art von Energie wir um uns herum haben und ob diese&hellip;","og_url":"https:\/\/www.goldaviktoria.ch\/de\/feng-shui-bern\/","og_site_name":"Golda Viktoria","article_modified_time":"2023-06-23T08:17:03+00:00","twitter_card":"summary_large_image","twitter_misc":{"Gesch\u00e4tzte Lesezeit":"1\u00a0Minute"},"schema":{"@context":"https:\/\/schema.org","@graph":[{"@type":"WebPage","@id":"https:\/\/www.goldaviktoria.ch\/de\/feng-shui-bern\/","url":"https:\/\/www.goldaviktoria.ch\/de\/feng-shui-bern\/","name":"Feng Shui Bern - Golda Viktoria","isPartOf":{"@id":"https:\/\/www.goldaviktoria.ch\/de\/#website"},"datePublished":"2023-06-22T13:56:33+00:00","dateModified":"2023-06-23T08:17:03+00:00","breadcrumb":{"@id":"https:\/\/www.goldaviktoria.ch\/de\/feng-shui-bern\/#breadcrumb"},"inLanguage":"de","potentialAction":[{"@type":"ReadAction","target":["https:\/\/www.goldaviktoria.ch\/de\/feng-shui-bern\/"]}]},{"@type":"BreadcrumbList","@id":"https:\/\/www.goldaviktoria.ch\/de\/feng-shui-bern\/#breadcrumb","itemListElement":[{"@type":"ListItem","position":1,"name":"Home","item":"https:\/\/www.goldaviktoria.ch\/de\/"},{"@type":"ListItem","position":2,"name":"Feng Shui Bern"}]},{"@type":"WebSite","@id":"https:\/\/www.goldaviktoria.ch\/de\/#website","url":"https:\/\/www.goldaviktoria.ch\/de\/","name":"Golda Viktoria","description":"","publisher":{"@id":"https:\/\/www.goldaviktoria.ch\/de\/#organization"},"potentialAction":[{"@type":"SearchAction","target":{"@type":"EntryPoint","urlTemplate":"https:\/\/www.goldaviktoria.ch\/de\/?s={search_term_string}"},"query-input":{"@type":"PropertyValueSpecification","valueRequired":true,"valueName":"search_term_string"}}],"inLanguage":"de"},{"@type":"Organization","@id":"https:\/\/www.goldaviktoria.ch\/de\/#organization","name":"Golda Viktoria","url":"https:\/\/www.goldaviktoria.ch\/de\/","logo":{"@type":"ImageObject","inLanguage":"de","@id":"https:\/\/www.goldaviktoria.ch\/de\/#\/schema\/logo\/image\/","url":"https:\/\/www.goldaviktoria.ch\/wp-content\/uploads\/2023\/06\/Golda-Victoria-Logo-retina3.png","contentUrl":"https:\/\/www.goldaviktoria.ch\/wp-content\/uploads\/2023\/06\/Golda-Victoria-Logo-retina3.png","width":700,"height":570,"caption":"Golda Viktoria"},"image":{"@id":"https:\/\/www.goldaviktoria.ch\/de\/#\/schema\/logo\/image\/"}}]}},"_links":{"self":[{"href":"https:\/\/www.goldaviktoria.ch\/de\/wp-json\/wp\/v2\/pages\/55","targetHints":{"allow":["GET"]}}],"collection":[{"href":"https:\/\/www.goldaviktoria.ch\/de\/wp-json\/wp\/v2\/pages"}],"about":[{"href":"https:\/\/www.goldaviktoria.ch\/de\/wp-json\/wp\/v2\/types\/page"}],"author":[{"embeddable":true,"href":"https:\/\/www.goldaviktoria.ch\/de\/wp-json\/wp\/v2\/users\/81"}],"replies":[{"embeddable":true,"href":"https:\/\/www.goldaviktoria.ch\/de\/wp-json\/wp\/v2\/comments?post=55"}],"version-history":[{"count":9,"href":"https:\/\/www.goldaviktoria.ch\/de\/wp-json\/wp\/v2\/pages\/55\/revisions"}],"predecessor-version":[{"id":210,"href":"https:\/\/www.goldaviktoria.ch\/de\/wp-json\/wp\/v2\/pages\/55\/revisions\/210"}],"wp:attachment":[{"href":"https:\/\/www.goldaviktoria.ch\/de\/wp-json\/wp\/v2\/media?parent=55"}],"curies":[{"name":"wp","href":"https:\/\/api.w.org\/{rel}","templated":true}]}}