{"id":143,"date":"2023-06-23T09:28:09","date_gmt":"2023-06-23T07:28:09","guid":{"rendered":"https:\/\/dev.2fd.co.za\/golda\/?page_id=143"},"modified":"2023-06-23T09:32:14","modified_gmt":"2023-06-23T07:32:14","slug":"ganzheitliche-raumgestaltung-golda-viktoria","status":"publish","type":"page","link":"https:\/\/www.goldaviktoria.ch\/de\/ganzheitliche-raumgestaltung-golda-viktoria\/","title":{"rendered":"Portr\u00e4t"},"content":{"rendered":"<section class=\"wpb-content-wrapper\">[vc_row full_width=&#8220;stretch_row&#8220; css=&#8220;.vc_custom_1687505447321{border-top-width: 20px !important;border-top-color: #a89377 !important;border-top-style: solid !important;}&#8220;][vc_column]<div class=\"vcex-spacing wpex-w-100 wpex-clear\" style=\"height:10px;\"><\/div>[\/vc_column][\/vc_row][vc_row][vc_column][vc_column_text text_align=&#8220;center&#8220;]\n<h2>Wer bin ich?<\/h2>\n<p>Mein Name ist Golda Viktoria Schwab. Ich bin 1973 in Bern geboren, gl\u00fccklich verheiratet und Mutter von zwei Kindern.<\/p>\n<p>Themen wie Gesundheit, Gleichgewicht, Sch\u00f6nheit, \u00c4sthetik und Kreativit\u00e4t haben mich schon immer fasziniert.<\/p>\n<p>Deshalb habe ich mich bei der Feng Shui Schule Schweiz zur diplomierten Feng Shui Beraterin ausbilden lassen. Mein Wissen \u00fcber Garten-Feng Shui und Chinesische Astrologie habe ich bei den Instituten Qi Mac und Infis erworben. Zudem habe ich Kinesiologiekurse wie Health Kinesiologie besucht, um noch pers\u00f6nlicher und kompetenter auf Sie eingehen zu k\u00f6nnen.<\/p>\n<p>Ich bin mich stehts am weiterentwickeln, damit ich Sie \u00fcber die neusten Trends und das neuste Wissen, informieren kann.<br \/>\n[\/vc_column_text]<div class=\"vcex-spacing wpex-w-100 wpex-clear\"><\/div><div class=\"vcex-spacing wpex-w-100 wpex-clear\"><\/div>[vc_row_inner][vc_column_inner width=&#8220;1\/3&#8243;][\/vc_column_inner][vc_column_inner width=&#8220;1\/3&#8243;]<figure class=\"vcex-image vcex-module textcenter\"><div class=\"vcex-image-inner wpex-relative wpex-inline-block\"><img loading=\"lazy\" class=\"vcex-image-img wpex-align-middle\" decoding=\"async\" src=\"https:\/\/www.goldaviktoria.ch\/wp-content\/uploads\/2023\/06\/111-300x300.png\" alt=\"\" srcset=\"https:\/\/www.goldaviktoria.ch\/wp-content\/uploads\/2023\/06\/111-300x300.png 300w, https:\/\/www.goldaviktoria.ch\/wp-content\/uploads\/2023\/06\/111-150x150.png 150w\" width=\"300\" height=\"300\"><\/div><\/figure>[\/vc_column_inner][vc_column_inner width=&#8220;1\/3&#8243;][\/vc_column_inner][\/vc_row_inner][\/vc_column][\/vc_row]\n<\/section>","protected":false},"excerpt":{"rendered":"<p>[vc_row full_width=&#8220;stretch_row&#8220; css=&#8220;.vc_custom_1687505447321{border-top-width: 20px !important;border-top-color: #a89377 !important;border-top-style: solid !important;}&#8220;][vc_column][\/vc_column][\/vc_row][vc_row][vc_column][vc_column_text text_align=&#8220;center&#8220;] Wer bin ich? Mein Name ist Golda Viktoria Schwab. Ich bin 1973 in Bern geboren, gl\u00fccklich verheiratet und Mutter von zwei Kindern. Themen wie Gesundheit, Gleichgewicht, Sch\u00f6nheit, \u00c4sthetik und Kreativit\u00e4t haben mich schon immer fasziniert. Deshalb habe ich mich bei der Feng Shui Schule Schweiz&hellip;<\/p>\n","protected":false},"author":81,"featured_media":0,"parent":0,"menu_order":0,"comment_status":"closed","ping_status":"closed","template":"","meta":{"footnotes":""},"class_list":["post-143","page","type-page","status-publish","hentry","entry","no-media"],"yoast_head":"<!-- This site is optimized with the Yoast SEO plugin v27.5 - https:\/\/yoast.com\/product\/yoast-seo-wordpress\/ -->\n<title>Portr\u00e4t - Golda Viktoria<\/title>\n<meta name=\"robots\" content=\"noindex, follow, max-snippet:-1, max-image-preview:large, max-video-preview:-1\" \/>\n<meta property=\"og:locale\" content=\"de_DE\" \/>\n<meta property=\"og:type\" content=\"article\" \/>\n<meta property=\"og:title\" content=\"Portr\u00e4t - Golda Viktoria\" \/>\n<meta property=\"og:description\" content=\"[vc_row full_width=&#8220;stretch_row&#8220; css=&#8220;.vc_custom_1687505447321{border-top-width: 20px !important;border-top-color: #a89377 !important;border-top-style: solid !important;}&#8220;][vc_column][\/vc_column][\/vc_row][vc_row][vc_column][vc_column_text text_align=&#8220;center&#8220;] Wer bin ich? Mein Name ist Golda Viktoria Schwab. Ich bin 1973 in Bern geboren, gl\u00fccklich verheiratet und Mutter von zwei Kindern. Themen wie Gesundheit, Gleichgewicht, Sch\u00f6nheit, \u00c4sthetik und Kreativit\u00e4t haben mich schon immer fasziniert. Deshalb habe ich mich bei der Feng Shui Schule Schweiz&hellip;\" \/>\n<meta property=\"og:url\" content=\"https:\/\/www.goldaviktoria.ch\/de\/ganzheitliche-raumgestaltung-golda-viktoria\/\" \/>\n<meta property=\"og:site_name\" content=\"Golda Viktoria\" \/>\n<meta property=\"article:modified_time\" content=\"2023-06-23T07:32:14+00:00\" \/>\n<meta name=\"twitter:card\" content=\"summary_large_image\" \/>\n<meta name=\"twitter:label1\" content=\"Gesch\u00e4tzte Lesezeit\" \/>\n\t<meta name=\"twitter:data1\" content=\"1\u00a0Minute\" \/>\n<script type=\"application\/ld+json\" class=\"yoast-schema-graph\">{\"@context\":\"https:\\\/\\\/schema.org\",\"@graph\":[{\"@type\":\"WebPage\",\"@id\":\"https:\\\/\\\/www.goldaviktoria.ch\\\/de\\\/ganzheitliche-raumgestaltung-golda-viktoria\\\/\",\"url\":\"https:\\\/\\\/www.goldaviktoria.ch\\\/de\\\/ganzheitliche-raumgestaltung-golda-viktoria\\\/\",\"name\":\"Portr\u00e4t - Golda Viktoria\",\"isPartOf\":{\"@id\":\"https:\\\/\\\/www.goldaviktoria.ch\\\/de\\\/#website\"},\"datePublished\":\"2023-06-23T07:28:09+00:00\",\"dateModified\":\"2023-06-23T07:32:14+00:00\",\"breadcrumb\":{\"@id\":\"https:\\\/\\\/www.goldaviktoria.ch\\\/de\\\/ganzheitliche-raumgestaltung-golda-viktoria\\\/#breadcrumb\"},\"inLanguage\":\"de\",\"potentialAction\":[{\"@type\":\"ReadAction\",\"target\":[\"https:\\\/\\\/www.goldaviktoria.ch\\\/de\\\/ganzheitliche-raumgestaltung-golda-viktoria\\\/\"]}]},{\"@type\":\"BreadcrumbList\",\"@id\":\"https:\\\/\\\/www.goldaviktoria.ch\\\/de\\\/ganzheitliche-raumgestaltung-golda-viktoria\\\/#breadcrumb\",\"itemListElement\":[{\"@type\":\"ListItem\",\"position\":1,\"name\":\"Home\",\"item\":\"https:\\\/\\\/www.goldaviktoria.ch\\\/de\\\/\"},{\"@type\":\"ListItem\",\"position\":2,\"name\":\"Portr\u00e4t\"}]},{\"@type\":\"WebSite\",\"@id\":\"https:\\\/\\\/www.goldaviktoria.ch\\\/de\\\/#website\",\"url\":\"https:\\\/\\\/www.goldaviktoria.ch\\\/de\\\/\",\"name\":\"Golda Viktoria\",\"description\":\"\",\"publisher\":{\"@id\":\"https:\\\/\\\/www.goldaviktoria.ch\\\/de\\\/#organization\"},\"potentialAction\":[{\"@type\":\"SearchAction\",\"target\":{\"@type\":\"EntryPoint\",\"urlTemplate\":\"https:\\\/\\\/www.goldaviktoria.ch\\\/de\\\/?s={search_term_string}\"},\"query-input\":{\"@type\":\"PropertyValueSpecification\",\"valueRequired\":true,\"valueName\":\"search_term_string\"}}],\"inLanguage\":\"de\"},{\"@type\":\"Organization\",\"@id\":\"https:\\\/\\\/www.goldaviktoria.ch\\\/de\\\/#organization\",\"name\":\"Golda Viktoria\",\"url\":\"https:\\\/\\\/www.goldaviktoria.ch\\\/de\\\/\",\"logo\":{\"@type\":\"ImageObject\",\"inLanguage\":\"de\",\"@id\":\"https:\\\/\\\/www.goldaviktoria.ch\\\/de\\\/#\\\/schema\\\/logo\\\/image\\\/\",\"url\":\"https:\\\/\\\/www.goldaviktoria.ch\\\/wp-content\\\/uploads\\\/2023\\\/06\\\/Golda-Victoria-Logo-retina3.png\",\"contentUrl\":\"https:\\\/\\\/www.goldaviktoria.ch\\\/wp-content\\\/uploads\\\/2023\\\/06\\\/Golda-Victoria-Logo-retina3.png\",\"width\":700,\"height\":570,\"caption\":\"Golda Viktoria\"},\"image\":{\"@id\":\"https:\\\/\\\/www.goldaviktoria.ch\\\/de\\\/#\\\/schema\\\/logo\\\/image\\\/\"}}]}<\/script>\n<!-- \/ Yoast SEO plugin. -->","yoast_head_json":{"title":"Portr\u00e4t - Golda Viktoria","robots":{"index":"noindex","follow":"follow","max-snippet":"max-snippet:-1","max-image-preview":"max-image-preview:large","max-video-preview":"max-video-preview:-1"},"og_locale":"de_DE","og_type":"article","og_title":"Portr\u00e4t - Golda Viktoria","og_description":"[vc_row full_width=&#8220;stretch_row&#8220; css=&#8220;.vc_custom_1687505447321{border-top-width: 20px !important;border-top-color: #a89377 !important;border-top-style: solid !important;}&#8220;][vc_column][\/vc_column][\/vc_row][vc_row][vc_column][vc_column_text text_align=&#8220;center&#8220;] Wer bin ich? Mein Name ist Golda Viktoria Schwab. Ich bin 1973 in Bern geboren, gl\u00fccklich verheiratet und Mutter von zwei Kindern. Themen wie Gesundheit, Gleichgewicht, Sch\u00f6nheit, \u00c4sthetik und Kreativit\u00e4t haben mich schon immer fasziniert. Deshalb habe ich mich bei der Feng Shui Schule Schweiz&hellip;","og_url":"https:\/\/www.goldaviktoria.ch\/de\/ganzheitliche-raumgestaltung-golda-viktoria\/","og_site_name":"Golda Viktoria","article_modified_time":"2023-06-23T07:32:14+00:00","twitter_card":"summary_large_image","twitter_misc":{"Gesch\u00e4tzte Lesezeit":"1\u00a0Minute"},"schema":{"@context":"https:\/\/schema.org","@graph":[{"@type":"WebPage","@id":"https:\/\/www.goldaviktoria.ch\/de\/ganzheitliche-raumgestaltung-golda-viktoria\/","url":"https:\/\/www.goldaviktoria.ch\/de\/ganzheitliche-raumgestaltung-golda-viktoria\/","name":"Portr\u00e4t - Golda Viktoria","isPartOf":{"@id":"https:\/\/www.goldaviktoria.ch\/de\/#website"},"datePublished":"2023-06-23T07:28:09+00:00","dateModified":"2023-06-23T07:32:14+00:00","breadcrumb":{"@id":"https:\/\/www.goldaviktoria.ch\/de\/ganzheitliche-raumgestaltung-golda-viktoria\/#breadcrumb"},"inLanguage":"de","potentialAction":[{"@type":"ReadAction","target":["https:\/\/www.goldaviktoria.ch\/de\/ganzheitliche-raumgestaltung-golda-viktoria\/"]}]},{"@type":"BreadcrumbList","@id":"https:\/\/www.goldaviktoria.ch\/de\/ganzheitliche-raumgestaltung-golda-viktoria\/#breadcrumb","itemListElement":[{"@type":"ListItem","position":1,"name":"Home","item":"https:\/\/www.goldaviktoria.ch\/de\/"},{"@type":"ListItem","position":2,"name":"Portr\u00e4t"}]},{"@type":"WebSite","@id":"https:\/\/www.goldaviktoria.ch\/de\/#website","url":"https:\/\/www.goldaviktoria.ch\/de\/","name":"Golda Viktoria","description":"","publisher":{"@id":"https:\/\/www.goldaviktoria.ch\/de\/#organization"},"potentialAction":[{"@type":"SearchAction","target":{"@type":"EntryPoint","urlTemplate":"https:\/\/www.goldaviktoria.ch\/de\/?s={search_term_string}"},"query-input":{"@type":"PropertyValueSpecification","valueRequired":true,"valueName":"search_term_string"}}],"inLanguage":"de"},{"@type":"Organization","@id":"https:\/\/www.goldaviktoria.ch\/de\/#organization","name":"Golda Viktoria","url":"https:\/\/www.goldaviktoria.ch\/de\/","logo":{"@type":"ImageObject","inLanguage":"de","@id":"https:\/\/www.goldaviktoria.ch\/de\/#\/schema\/logo\/image\/","url":"https:\/\/www.goldaviktoria.ch\/wp-content\/uploads\/2023\/06\/Golda-Victoria-Logo-retina3.png","contentUrl":"https:\/\/www.goldaviktoria.ch\/wp-content\/uploads\/2023\/06\/Golda-Victoria-Logo-retina3.png","width":700,"height":570,"caption":"Golda Viktoria"},"image":{"@id":"https:\/\/www.goldaviktoria.ch\/de\/#\/schema\/logo\/image\/"}}]}},"_links":{"self":[{"href":"https:\/\/www.goldaviktoria.ch\/de\/wp-json\/wp\/v2\/pages\/143","targetHints":{"allow":["GET"]}}],"collection":[{"href":"https:\/\/www.goldaviktoria.ch\/de\/wp-json\/wp\/v2\/pages"}],"about":[{"href":"https:\/\/www.goldaviktoria.ch\/de\/wp-json\/wp\/v2\/types\/page"}],"author":[{"embeddable":true,"href":"https:\/\/www.goldaviktoria.ch\/de\/wp-json\/wp\/v2\/users\/81"}],"replies":[{"embeddable":true,"href":"https:\/\/www.goldaviktoria.ch\/de\/wp-json\/wp\/v2\/comments?post=143"}],"version-history":[{"count":10,"href":"https:\/\/www.goldaviktoria.ch\/de\/wp-json\/wp\/v2\/pages\/143\/revisions"}],"predecessor-version":[{"id":157,"href":"https:\/\/www.goldaviktoria.ch\/de\/wp-json\/wp\/v2\/pages\/143\/revisions\/157"}],"wp:attachment":[{"href":"https:\/\/www.goldaviktoria.ch\/de\/wp-json\/wp\/v2\/media?parent=143"}],"curies":[{"name":"wp","href":"https:\/\/api.w.org\/{rel}","templated":true}]}}